{"id":1403,"date":"2024-04-30T19:30:36","date_gmt":"2024-04-30T17:30:36","guid":{"rendered":"https:\/\/designbycandice.fr\/?page_id=1403"},"modified":"2024-06-05T22:03:57","modified_gmt":"2024-06-05T20:03:57","slug":"tutomontage","status":"publish","type":"page","link":"https:\/\/designbycandice.fr\/index.php\/tutomontage\/","title":{"rendered":"Montage &#8211; Tutoriel d&#8217;utilisation"},"content":{"rendered":"\t\t<div data-elementor-type=\"wp-page\" data-elementor-id=\"1403\" class=\"elementor elementor-1403\">\n\t\t\t\t\t\t\t<div class=\"elementor-element elementor-element-33bc1f57 e-flex e-con-boxed wpr-particle-no wpr-jarallax-no wpr-parallax-no wpr-sticky-section-no e-con e-parent\" data-id=\"33bc1f57\" data-element_type=\"container\" data-settings=\"{&quot;content_width&quot;:&quot;boxed&quot;}\" data-core-v316-plus=\"true\">\n\t\t\t\t\t<div class=\"e-con-inner\">\n\t\t\t\t<div class=\"elementor-element elementor-element-46edf29d elementor-widget elementor-widget-heading\" data-id=\"46edf29d\" data-element_type=\"widget\" data-widget_type=\"heading.default\">\n\t\t\t\t<div class=\"elementor-widget-container\">\n\t\t\t<style>\/*! elementor - v3.18.0 - 20-12-2023 *\/\n.elementor-heading-title{padding:0;margin:0;line-height:1}.elementor-widget-heading .elementor-heading-title[class*=elementor-size-]>a{color:inherit;font-size:inherit;line-height:inherit}.elementor-widget-heading .elementor-heading-title.elementor-size-small{font-size:15px}.elementor-widget-heading .elementor-heading-title.elementor-size-medium{font-size:19px}.elementor-widget-heading .elementor-heading-title.elementor-size-large{font-size:29px}.elementor-widget-heading .elementor-heading-title.elementor-size-xl{font-size:39px}.elementor-widget-heading .elementor-heading-title.elementor-size-xxl{font-size:59px}<\/style><h1 class=\"elementor-heading-title elementor-size-default\">Tuto de l'atelier<\/h1>\t\t<\/div>\n\t\t\t\t<\/div>\n\t\t\t\t\t<\/div>\n\t\t\t\t<\/div>\n\t\t<div class=\"elementor-element elementor-element-8bf557c e-flex e-con-boxed wpr-particle-no wpr-jarallax-no wpr-parallax-no wpr-sticky-section-no e-con e-parent\" data-id=\"8bf557c\" data-element_type=\"container\" data-settings=\"{&quot;content_width&quot;:&quot;boxed&quot;}\" data-core-v316-plus=\"true\">\n\t\t\t\t\t<div class=\"e-con-inner\">\n\t\t<div class=\"elementor-element elementor-element-34a23f6a e-con-full e-flex wpr-particle-no wpr-jarallax-no wpr-parallax-no wpr-sticky-section-no e-con e-child\" data-id=\"34a23f6a\" data-element_type=\"container\" data-settings=\"{&quot;content_width&quot;:&quot;full&quot;}\">\n\t\t\t\t<div class=\"elementor-element elementor-element-3da39cf4 elementor-widget elementor-widget-heading\" data-id=\"3da39cf4\" data-element_type=\"widget\" data-widget_type=\"heading.default\">\n\t\t\t\t<div class=\"elementor-widget-container\">\n\t\t\t<h2 class=\"elementor-heading-title elementor-size-default\">Novembre 2022, un nouveau workshop s'offre \u00e0 nous. Nous devons Tourner des s\u00e9quences d'utilisation d'une scie \u00e0 m\u00e9taux et ensuite la monter chacun de notre c\u00f4t\u00e9 .<\/h2>\t\t<\/div>\n\t\t\t\t<\/div>\n\t\t\t\t<\/div>\n\t\t\t\t\t<\/div>\n\t\t\t\t<\/div>\n\t\t<div class=\"elementor-element elementor-element-1c4e37e e-flex e-con-boxed wpr-particle-no wpr-jarallax-no wpr-parallax-no wpr-sticky-section-no e-con e-parent\" data-id=\"1c4e37e\" data-element_type=\"container\" data-settings=\"{&quot;content_width&quot;:&quot;boxed&quot;}\" data-core-v316-plus=\"true\">\n\t\t\t\t\t<div class=\"e-con-inner\">\n\t\t\t\t<div class=\"elementor-element elementor-element-141308a elementor-widget elementor-widget-spacer\" data-id=\"141308a\" data-element_type=\"widget\" data-widget_type=\"spacer.default\">\n\t\t\t\t<div class=\"elementor-widget-container\">\n\t\t\t<style>\/*! elementor - v3.18.0 - 20-12-2023 *\/\n.elementor-column .elementor-spacer-inner{height:var(--spacer-size)}.e-con{--container-widget-width:100%}.e-con-inner>.elementor-widget-spacer,.e-con>.elementor-widget-spacer{width:var(--container-widget-width,var(--spacer-size));--align-self:var(--container-widget-align-self,initial);--flex-shrink:0}.e-con-inner>.elementor-widget-spacer>.elementor-widget-container,.e-con>.elementor-widget-spacer>.elementor-widget-container{height:100%;width:100%}.e-con-inner>.elementor-widget-spacer>.elementor-widget-container>.elementor-spacer,.e-con>.elementor-widget-spacer>.elementor-widget-container>.elementor-spacer{height:100%}.e-con-inner>.elementor-widget-spacer>.elementor-widget-container>.elementor-spacer>.elementor-spacer-inner,.e-con>.elementor-widget-spacer>.elementor-widget-container>.elementor-spacer>.elementor-spacer-inner{height:var(--container-widget-height,var(--spacer-size))}.e-con-inner>.elementor-widget-spacer.elementor-widget-empty,.e-con>.elementor-widget-spacer.elementor-widget-empty{position:relative;min-height:22px;min-width:22px}.e-con-inner>.elementor-widget-spacer.elementor-widget-empty .elementor-widget-empty-icon,.e-con>.elementor-widget-spacer.elementor-widget-empty .elementor-widget-empty-icon{position:absolute;top:0;bottom:0;left:0;right:0;margin:auto;padding:0;width:22px;height:22px}<\/style>\t\t<div class=\"elementor-spacer\">\n\t\t\t<div class=\"elementor-spacer-inner\"><\/div>\n\t\t<\/div>\n\t\t\t\t<\/div>\n\t\t\t\t<\/div>\n\t\t\t\t<div class=\"elementor-element elementor-element-e723428 elementor-widget elementor-widget-video\" data-id=\"e723428\" data-element_type=\"widget\" data-settings=\"{&quot;video_type&quot;:&quot;hosted&quot;,&quot;controls&quot;:&quot;yes&quot;}\" data-widget_type=\"video.default\">\n\t\t\t\t<div class=\"elementor-widget-container\">\n\t\t\t<style>\/*! elementor - v3.18.0 - 20-12-2023 *\/\n.elementor-widget-video .elementor-widget-container{overflow:hidden;transform:translateZ(0)}.elementor-widget-video .elementor-wrapper{aspect-ratio:var(--video-aspect-ratio)}.elementor-widget-video .elementor-wrapper iframe,.elementor-widget-video .elementor-wrapper video{height:100%;width:100%;display:flex;border:none;background-color:#000}@supports not (aspect-ratio:1\/1){.elementor-widget-video .elementor-wrapper{position:relative;overflow:hidden;height:0;padding-bottom:calc(100% \/ var(--video-aspect-ratio))}.elementor-widget-video .elementor-wrapper iframe,.elementor-widget-video .elementor-wrapper video{position:absolute;top:0;right:0;bottom:0;left:0}}.elementor-widget-video .elementor-open-inline .elementor-custom-embed-image-overlay{position:absolute;top:0;right:0;bottom:0;left:0;background-size:cover;background-position:50%}.elementor-widget-video .elementor-custom-embed-image-overlay{cursor:pointer;text-align:center}.elementor-widget-video .elementor-custom-embed-image-overlay:hover .elementor-custom-embed-play i{opacity:1}.elementor-widget-video .elementor-custom-embed-image-overlay img{display:block;width:100%;aspect-ratio:var(--video-aspect-ratio);-o-object-fit:cover;object-fit:cover;-o-object-position:center center;object-position:center center}@supports not (aspect-ratio:1\/1){.elementor-widget-video .elementor-custom-embed-image-overlay{position:relative;overflow:hidden;height:0;padding-bottom:calc(100% \/ var(--video-aspect-ratio))}.elementor-widget-video .elementor-custom-embed-image-overlay img{position:absolute;top:0;right:0;bottom:0;left:0}}.elementor-widget-video .e-hosted-video .elementor-video{-o-object-fit:cover;object-fit:cover}.e-con-inner>.elementor-widget-video,.e-con>.elementor-widget-video{width:var(--container-widget-width);--flex-grow:var(--container-widget-flex-grow)}<\/style>\t\t<div class=\"e-hosted-video elementor-wrapper elementor-open-inline\">\n\t\t\t\t\t<video class=\"elementor-video\" src=\"http:\/\/designbycandice.fr\/wp-content\/uploads\/2024\/04\/Montage-fin-fondu-au-noir.mp4\" controls=\"\" preload=\"metadata\" controlsList=\"nodownload\"><\/video>\n\t\t\t\t<\/div>\n\t\t\t\t<\/div>\n\t\t\t\t<\/div>\n\t\t\t\t\t<\/div>\n\t\t\t\t<\/div>\n\t\t<div class=\"elementor-element elementor-element-0ceaff9 e-flex e-con-boxed wpr-particle-no wpr-jarallax-no wpr-parallax-no wpr-sticky-section-no e-con e-parent\" data-id=\"0ceaff9\" data-element_type=\"container\" data-settings=\"{&quot;content_width&quot;:&quot;boxed&quot;}\" data-core-v316-plus=\"true\">\n\t\t\t\t\t<div class=\"e-con-inner\">\n\t\t\t\t<div class=\"elementor-element elementor-element-56f288d elementor-widget elementor-widget-spacer\" data-id=\"56f288d\" data-element_type=\"widget\" data-widget_type=\"spacer.default\">\n\t\t\t\t<div class=\"elementor-widget-container\">\n\t\t\t\t\t<div class=\"elementor-spacer\">\n\t\t\t<div class=\"elementor-spacer-inner\"><\/div>\n\t\t<\/div>\n\t\t\t\t<\/div>\n\t\t\t\t<\/div>\n\t\t\t\t\t<\/div>\n\t\t\t\t<\/div>\n\t\t<div class=\"elementor-element elementor-element-3a79b65 e-flex e-con-boxed wpr-particle-no wpr-jarallax-no wpr-parallax-no wpr-sticky-section-no e-con e-parent\" data-id=\"3a79b65\" data-element_type=\"container\" data-settings=\"{&quot;content_width&quot;:&quot;boxed&quot;}\" data-core-v316-plus=\"true\">\n\t\t\t\t\t<div class=\"e-con-inner\">\n\t\t<div class=\"elementor-element elementor-element-15d72cb e-con-full e-flex wpr-particle-no wpr-jarallax-no wpr-parallax-no wpr-sticky-section-no e-con e-child\" data-id=\"15d72cb\" data-element_type=\"container\" data-settings=\"{&quot;content_width&quot;:&quot;full&quot;}\">\n\t\t\t\t<div class=\"elementor-element elementor-element-a1dd42a elementor-widget elementor-widget-heading\" data-id=\"a1dd42a\" data-element_type=\"widget\" data-widget_type=\"heading.default\">\n\t\t\t\t<div class=\"elementor-widget-container\">\n\t\t\t<h2 class=\"elementor-heading-title elementor-size-default\">Les Tutos de l'atelier<\/h2>\t\t<\/div>\n\t\t\t\t<\/div>\n\t\t\t\t<div class=\"elementor-element elementor-element-40164a7 elementor-widget elementor-widget-spacer\" data-id=\"40164a7\" data-element_type=\"widget\" data-widget_type=\"spacer.default\">\n\t\t\t\t<div class=\"elementor-widget-container\">\n\t\t\t\t\t<div class=\"elementor-spacer\">\n\t\t\t<div class=\"elementor-spacer-inner\"><\/div>\n\t\t<\/div>\n\t\t\t\t<\/div>\n\t\t\t\t<\/div>\n\t\t\t\t<div class=\"elementor-element elementor-element-276d865 elementor-widget elementor-widget-text-editor\" data-id=\"276d865\" data-element_type=\"widget\" data-widget_type=\"text-editor.default\">\n\t\t\t\t<div class=\"elementor-widget-container\">\n\t\t\t<style>\/*! elementor - v3.18.0 - 20-12-2023 *\/\n.elementor-widget-text-editor.elementor-drop-cap-view-stacked .elementor-drop-cap{background-color:#69727d;color:#fff}.elementor-widget-text-editor.elementor-drop-cap-view-framed .elementor-drop-cap{color:#69727d;border:3px solid;background-color:transparent}.elementor-widget-text-editor:not(.elementor-drop-cap-view-default) .elementor-drop-cap{margin-top:8px}.elementor-widget-text-editor:not(.elementor-drop-cap-view-default) .elementor-drop-cap-letter{width:1em;height:1em}.elementor-widget-text-editor .elementor-drop-cap{float:left;text-align:center;line-height:1;font-size:50px}.elementor-widget-text-editor .elementor-drop-cap-letter{display:inline-block}<\/style>\t\t\t\t<p>Au cours d&#8217;un workshop collaboratif entre la classe de DN Made Num\u00e9rique 2 et DN Made Objet 2, les \u00e9tudiants num\u00e9riques ont travaill\u00e9 en bin\u00f4mes pour filmer des s\u00e9quences illustrant l&#8217;utilisation de diff\u00e9rentes machines de l&#8217;atelier par les \u00e9tudiants d&#8217;objet. Chaque duo de DN Made Num\u00e9rique s&#8217;est ensuite s\u00e9par\u00e9 pour proposer individuellement le montage d&#8217;un tutoriel d\u00e9taill\u00e9 sur l&#8217;utilisation sp\u00e9cifique de la machine assign\u00e9e \u00e0 leur bin\u00f4me d&#8217;Objet.<\/p>\t\t\t\t\t\t<\/div>\n\t\t\t\t<\/div>\n\t\t\t\t<\/div>\n\t\t<div class=\"elementor-element elementor-element-1abee14 e-con-full e-flex wpr-particle-no wpr-jarallax-no wpr-parallax-no wpr-sticky-section-no e-con e-child\" data-id=\"1abee14\" data-element_type=\"container\" data-settings=\"{&quot;content_width&quot;:&quot;full&quot;}\">\n\t\t\t\t<\/div>\n\t\t\t\t\t<\/div>\n\t\t\t\t<\/div>\n\t\t<div class=\"elementor-element elementor-element-c4d97bb e-flex e-con-boxed wpr-particle-no wpr-jarallax-no wpr-parallax-no wpr-sticky-section-no e-con e-parent\" data-id=\"c4d97bb\" data-element_type=\"container\" data-settings=\"{&quot;content_width&quot;:&quot;boxed&quot;}\" data-core-v316-plus=\"true\">\n\t\t\t\t\t<div class=\"e-con-inner\">\n\t\t<div class=\"elementor-element elementor-element-4dbf843 e-con-full e-flex wpr-particle-no wpr-jarallax-no wpr-parallax-no wpr-sticky-section-no e-con e-child\" data-id=\"4dbf843\" data-element_type=\"container\" data-settings=\"{&quot;content_width&quot;:&quot;full&quot;}\">\n\t\t\t\t<div class=\"elementor-element elementor-element-2f3ba06 elementor-widget elementor-widget-image\" data-id=\"2f3ba06\" data-element_type=\"widget\" data-widget_type=\"image.default\">\n\t\t\t\t<div class=\"elementor-widget-container\">\n\t\t\t<style>\/*! elementor - v3.18.0 - 20-12-2023 *\/\n.elementor-widget-image{text-align:center}.elementor-widget-image a{display:inline-block}.elementor-widget-image a img[src$=\".svg\"]{width:48px}.elementor-widget-image img{vertical-align:middle;display:inline-block}<\/style>\t\t\t\t\t\t\t\t\t\t\t\t<img fetchpriority=\"high\" decoding=\"async\" width=\"800\" height=\"451\" src=\"https:\/\/designbycandice.fr\/wp-content\/uploads\/2024\/04\/thumbnail_GraphiqueColle-1-1024x577.png\" class=\"attachment-large size-large wp-image-1409\" alt=\"\" srcset=\"https:\/\/designbycandice.fr\/wp-content\/uploads\/2024\/04\/thumbnail_GraphiqueColle-1-1024x577.png 1024w, https:\/\/designbycandice.fr\/wp-content\/uploads\/2024\/04\/thumbnail_GraphiqueColle-1-300x169.png 300w, https:\/\/designbycandice.fr\/wp-content\/uploads\/2024\/04\/thumbnail_GraphiqueColle-1-768x433.png 768w, https:\/\/designbycandice.fr\/wp-content\/uploads\/2024\/04\/thumbnail_GraphiqueColle-1.png 1280w\" sizes=\"(max-width: 800px) 100vw, 800px\" \/>\t\t\t\t\t\t\t\t\t\t\t\t\t\t\t<\/div>\n\t\t\t\t<\/div>\n\t\t\t\t<\/div>\n\t\t<div class=\"elementor-element elementor-element-d2f3b2c e-con-full e-flex wpr-particle-no wpr-jarallax-no wpr-parallax-no wpr-sticky-section-no e-con e-child\" data-id=\"d2f3b2c\" data-element_type=\"container\" data-settings=\"{&quot;content_width&quot;:&quot;full&quot;}\">\n\t\t\t\t<div class=\"elementor-element elementor-element-ea45ade elementor-widget elementor-widget-image\" data-id=\"ea45ade\" data-element_type=\"widget\" data-widget_type=\"image.default\">\n\t\t\t\t<div class=\"elementor-widget-container\">\n\t\t\t\t\t\t\t\t\t\t\t\t\t\t\t<img decoding=\"async\" width=\"800\" height=\"452\" src=\"https:\/\/designbycandice.fr\/wp-content\/uploads\/2024\/04\/thumbnail_GraphiqueColle-1-1-1024x578.png\" class=\"attachment-large size-large wp-image-1408\" alt=\"\" srcset=\"https:\/\/designbycandice.fr\/wp-content\/uploads\/2024\/04\/thumbnail_GraphiqueColle-1-1-1024x578.png 1024w, https:\/\/designbycandice.fr\/wp-content\/uploads\/2024\/04\/thumbnail_GraphiqueColle-1-1-300x169.png 300w, https:\/\/designbycandice.fr\/wp-content\/uploads\/2024\/04\/thumbnail_GraphiqueColle-1-1-768x434.png 768w, https:\/\/designbycandice.fr\/wp-content\/uploads\/2024\/04\/thumbnail_GraphiqueColle-1-1.png 1280w\" sizes=\"(max-width: 800px) 100vw, 800px\" \/>\t\t\t\t\t\t\t\t\t\t\t\t\t\t\t<\/div>\n\t\t\t\t<\/div>\n\t\t\t\t<\/div>\n\t\t<div class=\"elementor-element elementor-element-1b3dd3d e-con-full e-flex wpr-particle-no wpr-jarallax-no wpr-parallax-no wpr-sticky-section-no e-con e-child\" data-id=\"1b3dd3d\" data-element_type=\"container\" data-settings=\"{&quot;content_width&quot;:&quot;full&quot;}\">\n\t\t\t\t<div class=\"elementor-element elementor-element-80e4a57 elementor-widget elementor-widget-image\" data-id=\"80e4a57\" data-element_type=\"widget\" data-widget_type=\"image.default\">\n\t\t\t\t<div class=\"elementor-widget-container\">\n\t\t\t\t\t\t\t\t\t\t\t\t\t\t\t<img decoding=\"async\" src=\"https:\/\/designbycandice.fr\/wp-content\/uploads\/2024\/04\/DSC_0083-scaled.jpg\" title=\"DSC_0083\" alt=\"DSC_0083\" loading=\"lazy\" \/>\t\t\t\t\t\t\t\t\t\t\t\t\t\t\t<\/div>\n\t\t\t\t<\/div>\n\t\t\t\t<\/div>\n\t\t<div class=\"elementor-element elementor-element-bf8aa1f e-con-full e-flex wpr-particle-no wpr-jarallax-no wpr-parallax-no wpr-sticky-section-no e-con e-child\" data-id=\"bf8aa1f\" data-element_type=\"container\" data-settings=\"{&quot;content_width&quot;:&quot;full&quot;}\">\n\t\t\t\t<div class=\"elementor-element elementor-element-7b5aec2 elementor-widget elementor-widget-text-editor\" data-id=\"7b5aec2\" data-element_type=\"widget\" data-widget_type=\"text-editor.default\">\n\t\t\t\t<div class=\"elementor-widget-container\">\n\t\t\t\t\t\t\t<p>J&#8217;ai adopt\u00e9 un style simple et minimaliste dans le montage pour correspondre \u00e0 l&#8217;ambiance de l&#8217;atelier. Ce choix met l&#8217;accent sur les gestes et les \u00e9tapes essentielles, tout en restant clair et efficace.<\/p>\t\t\t\t\t\t<\/div>\n\t\t\t\t<\/div>\n\t\t\t\t<\/div>\n\t\t<div class=\"elementor-element elementor-element-4b9cc97 e-con-full e-flex wpr-particle-no wpr-jarallax-no wpr-parallax-no wpr-sticky-section-no e-con e-child\" data-id=\"4b9cc97\" data-element_type=\"container\" data-settings=\"{&quot;content_width&quot;:&quot;full&quot;}\">\n\t\t\t\t<\/div>\n\t\t<div class=\"elementor-element elementor-element-2ad587e e-con-full e-flex wpr-particle-no wpr-jarallax-no wpr-parallax-no wpr-sticky-section-no e-con e-child\" data-id=\"2ad587e\" data-element_type=\"container\" data-settings=\"{&quot;content_width&quot;:&quot;full&quot;}\">\n\t\t\t\t<\/div>\n\t\t\t\t\t<\/div>\n\t\t\t\t<\/div>\n\t\t\t\t\t\t\t<\/div>\n\t\t","protected":false},"excerpt":{"rendered":"<p>Tuto de l&#8217;atelier Novembre 2022, un nouveau workshop s&#8217;offre \u00e0 nous. Nous devons Tourner des s\u00e9quences d&#8217;utilisation d&#8217;une scie \u00e0 m\u00e9taux et ensuite la monter chacun de notre c\u00f4t\u00e9 . http:\/\/designbycandice.fr\/wp-content\/uploads\/2024\/04\/Montage-fin-fondu-au-noir.mp4 Les Tutos de l&#8217;atelier Au cours d&#8217;un workshop collaboratif entre la classe de DN Made Num\u00e9rique 2 et DN Made Objet 2, les \u00e9tudiants [&hellip;]<\/p>\n","protected":false},"author":1,"featured_media":0,"parent":0,"menu_order":0,"comment_status":"closed","ping_status":"closed","template":"","meta":{"footnotes":""},"class_list":["post-1403","page","type-page","status-publish","hentry"],"yoast_head":"<!-- This site is optimized with the Yoast SEO plugin v21.9.1 - https:\/\/yoast.com\/wordpress\/plugins\/seo\/ -->\n<title>Montage - Tutoriel d&#039;utilisation - DESIGN BY CANDICE<\/title>\n<meta name=\"description\" content=\"Novembre 2022, par groupes de deux nous devions r\u00e9aliser le tournage, montage et habillage d&#039;un tutoriel d&#039;utilisation d&#039;une machine de l&#039;atelier.\" \/>\n<meta name=\"robots\" content=\"index, follow, max-snippet:-1, max-image-preview:large, max-video-preview:-1\" \/>\n<link rel=\"canonical\" href=\"https:\/\/designbycandice.fr\/index.php\/tutomontage\/\" \/>\n<meta property=\"og:locale\" content=\"en_US\" \/>\n<meta property=\"og:type\" content=\"article\" \/>\n<meta property=\"og:title\" content=\"Montage - Tutoriel d&#039;utilisation - DESIGN BY CANDICE\" \/>\n<meta property=\"og:description\" content=\"Novembre 2022, par groupes de deux nous devions r\u00e9aliser le tournage, montage et habillage d&#039;un tutoriel d&#039;utilisation d&#039;une machine de l&#039;atelier.\" \/>\n<meta property=\"og:url\" content=\"https:\/\/designbycandice.fr\/index.php\/tutomontage\/\" \/>\n<meta property=\"og:site_name\" content=\"DESIGN BY CANDICE\" \/>\n<meta property=\"article:modified_time\" content=\"2024-06-05T20:03:57+00:00\" \/>\n<meta property=\"og:image\" content=\"http:\/\/designbycandice.fr\/wp-content\/uploads\/2024\/04\/thumbnail_GraphiqueColle-1-1024x577.png\" \/>\n<meta name=\"twitter:card\" content=\"summary_large_image\" \/>\n<meta name=\"twitter:label1\" content=\"Est. reading time\" \/>\n\t<meta name=\"twitter:data1\" content=\"2 minutes\" \/>\n<script type=\"application\/ld+json\" class=\"yoast-schema-graph\">{\"@context\":\"https:\/\/schema.org\",\"@graph\":[{\"@type\":\"WebPage\",\"@id\":\"https:\/\/designbycandice.fr\/index.php\/tutomontage\/\",\"url\":\"https:\/\/designbycandice.fr\/index.php\/tutomontage\/\",\"name\":\"Montage - Tutoriel d'utilisation - DESIGN BY CANDICE\",\"isPartOf\":{\"@id\":\"https:\/\/designbycandice.fr\/#website\"},\"datePublished\":\"2024-04-30T17:30:36+00:00\",\"dateModified\":\"2024-06-05T20:03:57+00:00\",\"description\":\"Novembre 2022, par groupes de deux nous devions r\u00e9aliser le tournage, montage et habillage d'un tutoriel d'utilisation d'une machine de l'atelier.\",\"breadcrumb\":{\"@id\":\"https:\/\/designbycandice.fr\/index.php\/tutomontage\/#breadcrumb\"},\"inLanguage\":\"en-US\",\"potentialAction\":[{\"@type\":\"ReadAction\",\"target\":[\"https:\/\/designbycandice.fr\/index.php\/tutomontage\/\"]}]},{\"@type\":\"BreadcrumbList\",\"@id\":\"https:\/\/designbycandice.fr\/index.php\/tutomontage\/#breadcrumb\",\"itemListElement\":[{\"@type\":\"ListItem\",\"position\":1,\"name\":\"Accueil\",\"item\":\"https:\/\/designbycandice.fr\/\"},{\"@type\":\"ListItem\",\"position\":2,\"name\":\"Montage &#8211; Tutoriel d&#8217;utilisation\"}]},{\"@type\":\"WebSite\",\"@id\":\"https:\/\/designbycandice.fr\/#website\",\"url\":\"https:\/\/designbycandice.fr\/\",\"name\":\"DESIGN BY CANDICE\",\"description\":\"Portfolio \u00e9tudiant\",\"publisher\":{\"@id\":\"https:\/\/designbycandice.fr\/#organization\"},\"potentialAction\":[{\"@type\":\"SearchAction\",\"target\":{\"@type\":\"EntryPoint\",\"urlTemplate\":\"https:\/\/designbycandice.fr\/?s={search_term_string}\"},\"query-input\":\"required name=search_term_string\"}],\"inLanguage\":\"en-US\"},{\"@type\":\"Organization\",\"@id\":\"https:\/\/designbycandice.fr\/#organization\",\"name\":\"DESIGN BY CANDICE\",\"url\":\"https:\/\/designbycandice.fr\/\",\"logo\":{\"@type\":\"ImageObject\",\"inLanguage\":\"en-US\",\"@id\":\"https:\/\/designbycandice.fr\/#\/schema\/logo\/image\/\",\"url\":\"https:\/\/designbycandice.fr\/wp-content\/uploads\/2023\/11\/image_2025-01-14_000345576.png\",\"contentUrl\":\"https:\/\/designbycandice.fr\/wp-content\/uploads\/2023\/11\/image_2025-01-14_000345576.png\",\"width\":1874,\"height\":1929,\"caption\":\"DESIGN BY CANDICE\"},\"image\":{\"@id\":\"https:\/\/designbycandice.fr\/#\/schema\/logo\/image\/\"}}]}<\/script>\n<!-- \/ Yoast SEO plugin. -->","yoast_head_json":{"title":"Montage - Tutoriel d'utilisation - DESIGN BY CANDICE","description":"Novembre 2022, par groupes de deux nous devions r\u00e9aliser le tournage, montage et habillage d'un tutoriel d'utilisation d'une machine de l'atelier.","robots":{"index":"index","follow":"follow","max-snippet":"max-snippet:-1","max-image-preview":"max-image-preview:large","max-video-preview":"max-video-preview:-1"},"canonical":"https:\/\/designbycandice.fr\/index.php\/tutomontage\/","og_locale":"en_US","og_type":"article","og_title":"Montage - Tutoriel d'utilisation - DESIGN BY CANDICE","og_description":"Novembre 2022, par groupes de deux nous devions r\u00e9aliser le tournage, montage et habillage d'un tutoriel d'utilisation d'une machine de l'atelier.","og_url":"https:\/\/designbycandice.fr\/index.php\/tutomontage\/","og_site_name":"DESIGN BY CANDICE","article_modified_time":"2024-06-05T20:03:57+00:00","og_image":[{"url":"http:\/\/designbycandice.fr\/wp-content\/uploads\/2024\/04\/thumbnail_GraphiqueColle-1-1024x577.png"}],"twitter_card":"summary_large_image","twitter_misc":{"Est. reading time":"2 minutes"},"schema":{"@context":"https:\/\/schema.org","@graph":[{"@type":"WebPage","@id":"https:\/\/designbycandice.fr\/index.php\/tutomontage\/","url":"https:\/\/designbycandice.fr\/index.php\/tutomontage\/","name":"Montage - Tutoriel d'utilisation - DESIGN BY CANDICE","isPartOf":{"@id":"https:\/\/designbycandice.fr\/#website"},"datePublished":"2024-04-30T17:30:36+00:00","dateModified":"2024-06-05T20:03:57+00:00","description":"Novembre 2022, par groupes de deux nous devions r\u00e9aliser le tournage, montage et habillage d'un tutoriel d'utilisation d'une machine de l'atelier.","breadcrumb":{"@id":"https:\/\/designbycandice.fr\/index.php\/tutomontage\/#breadcrumb"},"inLanguage":"en-US","potentialAction":[{"@type":"ReadAction","target":["https:\/\/designbycandice.fr\/index.php\/tutomontage\/"]}]},{"@type":"BreadcrumbList","@id":"https:\/\/designbycandice.fr\/index.php\/tutomontage\/#breadcrumb","itemListElement":[{"@type":"ListItem","position":1,"name":"Accueil","item":"https:\/\/designbycandice.fr\/"},{"@type":"ListItem","position":2,"name":"Montage &#8211; Tutoriel d&#8217;utilisation"}]},{"@type":"WebSite","@id":"https:\/\/designbycandice.fr\/#website","url":"https:\/\/designbycandice.fr\/","name":"DESIGN BY CANDICE","description":"Portfolio \u00e9tudiant","publisher":{"@id":"https:\/\/designbycandice.fr\/#organization"},"potentialAction":[{"@type":"SearchAction","target":{"@type":"EntryPoint","urlTemplate":"https:\/\/designbycandice.fr\/?s={search_term_string}"},"query-input":"required name=search_term_string"}],"inLanguage":"en-US"},{"@type":"Organization","@id":"https:\/\/designbycandice.fr\/#organization","name":"DESIGN BY CANDICE","url":"https:\/\/designbycandice.fr\/","logo":{"@type":"ImageObject","inLanguage":"en-US","@id":"https:\/\/designbycandice.fr\/#\/schema\/logo\/image\/","url":"https:\/\/designbycandice.fr\/wp-content\/uploads\/2023\/11\/image_2025-01-14_000345576.png","contentUrl":"https:\/\/designbycandice.fr\/wp-content\/uploads\/2023\/11\/image_2025-01-14_000345576.png","width":1874,"height":1929,"caption":"DESIGN BY CANDICE"},"image":{"@id":"https:\/\/designbycandice.fr\/#\/schema\/logo\/image\/"}}]}},"_links":{"self":[{"href":"https:\/\/designbycandice.fr\/index.php\/wp-json\/wp\/v2\/pages\/1403","targetHints":{"allow":["GET"]}}],"collection":[{"href":"https:\/\/designbycandice.fr\/index.php\/wp-json\/wp\/v2\/pages"}],"about":[{"href":"https:\/\/designbycandice.fr\/index.php\/wp-json\/wp\/v2\/types\/page"}],"author":[{"embeddable":true,"href":"https:\/\/designbycandice.fr\/index.php\/wp-json\/wp\/v2\/users\/1"}],"replies":[{"embeddable":true,"href":"https:\/\/designbycandice.fr\/index.php\/wp-json\/wp\/v2\/comments?post=1403"}],"version-history":[{"count":7,"href":"https:\/\/designbycandice.fr\/index.php\/wp-json\/wp\/v2\/pages\/1403\/revisions"}],"predecessor-version":[{"id":1485,"href":"https:\/\/designbycandice.fr\/index.php\/wp-json\/wp\/v2\/pages\/1403\/revisions\/1485"}],"wp:attachment":[{"href":"https:\/\/designbycandice.fr\/index.php\/wp-json\/wp\/v2\/media?parent=1403"}],"curies":[{"name":"wp","href":"https:\/\/api.w.org\/{rel}","templated":true}]}}