{"id":1393,"date":"2024-04-30T18:16:32","date_gmt":"2024-04-30T16:16:32","guid":{"rendered":"https:\/\/designbycandice.fr\/?page_id=1393"},"modified":"2024-04-30T19:21:36","modified_gmt":"2024-04-30T17:21:36","slug":"montage-annecy","status":"publish","type":"page","link":"https:\/\/designbycandice.fr\/index.php\/montage-annecy\/","title":{"rendered":"Annecy avec toi"},"content":{"rendered":"\t\t<div data-elementor-type=\"wp-page\" data-elementor-id=\"1393\" class=\"elementor elementor-1393\">\n\t\t\t\t\t\t\t<div class=\"elementor-element elementor-element-2041e6df e-flex e-con-boxed wpr-particle-no wpr-jarallax-no wpr-parallax-no wpr-sticky-section-no e-con e-parent\" data-id=\"2041e6df\" data-element_type=\"container\" data-settings=\"{&quot;content_width&quot;:&quot;boxed&quot;}\" data-core-v316-plus=\"true\">\n\t\t\t\t\t<div class=\"e-con-inner\">\n\t\t\t\t<div class=\"elementor-element elementor-element-54ae26c5 elementor-widget elementor-widget-heading\" data-id=\"54ae26c5\" data-element_type=\"widget\" data-widget_type=\"heading.default\">\n\t\t\t\t<div class=\"elementor-widget-container\">\n\t\t\t<style>\/*! elementor - v3.18.0 - 20-12-2023 *\/\n.elementor-heading-title{padding:0;margin:0;line-height:1}.elementor-widget-heading .elementor-heading-title[class*=elementor-size-]>a{color:inherit;font-size:inherit;line-height:inherit}.elementor-widget-heading .elementor-heading-title.elementor-size-small{font-size:15px}.elementor-widget-heading .elementor-heading-title.elementor-size-medium{font-size:19px}.elementor-widget-heading .elementor-heading-title.elementor-size-large{font-size:29px}.elementor-widget-heading .elementor-heading-title.elementor-size-xl{font-size:39px}.elementor-widget-heading .elementor-heading-title.elementor-size-xxl{font-size:59px}<\/style><h1 class=\"elementor-heading-title elementor-size-default\">ANNECY AVEC TOI<\/h1>\t\t<\/div>\n\t\t\t\t<\/div>\n\t\t\t\t\t<\/div>\n\t\t\t\t<\/div>\n\t\t<div class=\"elementor-element elementor-element-a5f0ab8 e-con-full e-flex wpr-particle-no wpr-jarallax-no wpr-parallax-no wpr-sticky-section-no e-con e-parent\" data-id=\"a5f0ab8\" data-element_type=\"container\" data-settings=\"{&quot;content_width&quot;:&quot;full&quot;}\" data-core-v316-plus=\"true\">\n\t\t\t\t<div class=\"elementor-element elementor-element-26a7ee4 elementor-widget elementor-widget-text-editor\" data-id=\"26a7ee4\" data-element_type=\"widget\" data-widget_type=\"text-editor.default\">\n\t\t\t\t<div class=\"elementor-widget-container\">\n\t\t\t<style>\/*! elementor - v3.18.0 - 20-12-2023 *\/\n.elementor-widget-text-editor.elementor-drop-cap-view-stacked .elementor-drop-cap{background-color:#69727d;color:#fff}.elementor-widget-text-editor.elementor-drop-cap-view-framed .elementor-drop-cap{color:#69727d;border:3px solid;background-color:transparent}.elementor-widget-text-editor:not(.elementor-drop-cap-view-default) .elementor-drop-cap{margin-top:8px}.elementor-widget-text-editor:not(.elementor-drop-cap-view-default) .elementor-drop-cap-letter{width:1em;height:1em}.elementor-widget-text-editor .elementor-drop-cap{float:left;text-align:center;line-height:1;font-size:50px}.elementor-widget-text-editor .elementor-drop-cap-letter{display:inline-block}<\/style>\t\t\t\t<p>\u00c0 l&#8217;occasion des 50 ans de mon p\u00e8re,\u00a0 j&#8217;ai mis \u00e0 l&#8217;\u00e9preuve mes comp\u00e9tences de montage et d&#8217;habillage sur After Effects et Premiere Pro.<\/p>\t\t\t\t\t\t<\/div>\n\t\t\t\t<\/div>\n\t\t\t\t<\/div>\n\t\t<div class=\"elementor-element elementor-element-ad6eb7e e-flex e-con-boxed wpr-particle-no wpr-jarallax-no wpr-parallax-no wpr-sticky-section-no e-con e-parent\" data-id=\"ad6eb7e\" data-element_type=\"container\" data-settings=\"{&quot;content_width&quot;:&quot;boxed&quot;}\" data-core-v316-plus=\"true\">\n\t\t\t\t\t<div class=\"e-con-inner\">\n\t\t\t\t<div class=\"elementor-element elementor-element-a0047f7 elementor-widget elementor-widget-spacer\" data-id=\"a0047f7\" data-element_type=\"widget\" data-widget_type=\"spacer.default\">\n\t\t\t\t<div class=\"elementor-widget-container\">\n\t\t\t<style>\/*! elementor - v3.18.0 - 20-12-2023 *\/\n.elementor-column .elementor-spacer-inner{height:var(--spacer-size)}.e-con{--container-widget-width:100%}.e-con-inner>.elementor-widget-spacer,.e-con>.elementor-widget-spacer{width:var(--container-widget-width,var(--spacer-size));--align-self:var(--container-widget-align-self,initial);--flex-shrink:0}.e-con-inner>.elementor-widget-spacer>.elementor-widget-container,.e-con>.elementor-widget-spacer>.elementor-widget-container{height:100%;width:100%}.e-con-inner>.elementor-widget-spacer>.elementor-widget-container>.elementor-spacer,.e-con>.elementor-widget-spacer>.elementor-widget-container>.elementor-spacer{height:100%}.e-con-inner>.elementor-widget-spacer>.elementor-widget-container>.elementor-spacer>.elementor-spacer-inner,.e-con>.elementor-widget-spacer>.elementor-widget-container>.elementor-spacer>.elementor-spacer-inner{height:var(--container-widget-height,var(--spacer-size))}.e-con-inner>.elementor-widget-spacer.elementor-widget-empty,.e-con>.elementor-widget-spacer.elementor-widget-empty{position:relative;min-height:22px;min-width:22px}.e-con-inner>.elementor-widget-spacer.elementor-widget-empty .elementor-widget-empty-icon,.e-con>.elementor-widget-spacer.elementor-widget-empty .elementor-widget-empty-icon{position:absolute;top:0;bottom:0;left:0;right:0;margin:auto;padding:0;width:22px;height:22px}<\/style>\t\t<div class=\"elementor-spacer\">\n\t\t\t<div class=\"elementor-spacer-inner\"><\/div>\n\t\t<\/div>\n\t\t\t\t<\/div>\n\t\t\t\t<\/div>\n\t\t\t\t\t<\/div>\n\t\t\t\t<\/div>\n\t\t<div class=\"elementor-element elementor-element-f2cd8cc e-flex e-con-boxed wpr-particle-no wpr-jarallax-no wpr-parallax-no wpr-sticky-section-no e-con e-parent\" data-id=\"f2cd8cc\" data-element_type=\"container\" data-settings=\"{&quot;content_width&quot;:&quot;boxed&quot;}\" data-core-v316-plus=\"true\">\n\t\t\t\t\t<div class=\"e-con-inner\">\n\t\t\t\t<div class=\"elementor-element elementor-element-710d80f elementor-widget elementor-widget-video\" data-id=\"710d80f\" data-element_type=\"widget\" data-settings=\"{&quot;youtube_url&quot;:&quot;https:\\\/\\\/youtu.be\\\/Y1Opeh-zWDM&quot;,&quot;autoplay&quot;:&quot;yes&quot;,&quot;video_type&quot;:&quot;youtube&quot;,&quot;controls&quot;:&quot;yes&quot;}\" data-widget_type=\"video.default\">\n\t\t\t\t<div class=\"elementor-widget-container\">\n\t\t\t<style>\/*! elementor - v3.18.0 - 20-12-2023 *\/\n.elementor-widget-video .elementor-widget-container{overflow:hidden;transform:translateZ(0)}.elementor-widget-video .elementor-wrapper{aspect-ratio:var(--video-aspect-ratio)}.elementor-widget-video .elementor-wrapper iframe,.elementor-widget-video .elementor-wrapper video{height:100%;width:100%;display:flex;border:none;background-color:#000}@supports not (aspect-ratio:1\/1){.elementor-widget-video .elementor-wrapper{position:relative;overflow:hidden;height:0;padding-bottom:calc(100% \/ var(--video-aspect-ratio))}.elementor-widget-video .elementor-wrapper iframe,.elementor-widget-video .elementor-wrapper video{position:absolute;top:0;right:0;bottom:0;left:0}}.elementor-widget-video .elementor-open-inline .elementor-custom-embed-image-overlay{position:absolute;top:0;right:0;bottom:0;left:0;background-size:cover;background-position:50%}.elementor-widget-video .elementor-custom-embed-image-overlay{cursor:pointer;text-align:center}.elementor-widget-video .elementor-custom-embed-image-overlay:hover .elementor-custom-embed-play i{opacity:1}.elementor-widget-video .elementor-custom-embed-image-overlay img{display:block;width:100%;aspect-ratio:var(--video-aspect-ratio);-o-object-fit:cover;object-fit:cover;-o-object-position:center center;object-position:center center}@supports not (aspect-ratio:1\/1){.elementor-widget-video .elementor-custom-embed-image-overlay{position:relative;overflow:hidden;height:0;padding-bottom:calc(100% \/ var(--video-aspect-ratio))}.elementor-widget-video .elementor-custom-embed-image-overlay img{position:absolute;top:0;right:0;bottom:0;left:0}}.elementor-widget-video .e-hosted-video .elementor-video{-o-object-fit:cover;object-fit:cover}.e-con-inner>.elementor-widget-video,.e-con>.elementor-widget-video{width:var(--container-widget-width);--flex-grow:var(--container-widget-flex-grow)}<\/style>\t\t<div class=\"elementor-wrapper elementor-open-inline\">\n\t\t\t<div class=\"elementor-video\"><\/div>\t\t<\/div>\n\t\t\t\t<\/div>\n\t\t\t\t<\/div>\n\t\t\t\t\t<\/div>\n\t\t\t\t<\/div>\n\t\t<div class=\"elementor-element elementor-element-c16cf06 e-flex e-con-boxed wpr-particle-no wpr-jarallax-no wpr-parallax-no wpr-sticky-section-no e-con e-parent\" data-id=\"c16cf06\" data-element_type=\"container\" data-settings=\"{&quot;content_width&quot;:&quot;boxed&quot;}\" data-core-v316-plus=\"true\">\n\t\t\t\t\t<div class=\"e-con-inner\">\n\t\t<div class=\"elementor-element elementor-element-a3a9fb1 e-con-full e-flex wpr-particle-no wpr-jarallax-no wpr-parallax-no wpr-sticky-section-no e-con e-child\" data-id=\"a3a9fb1\" data-element_type=\"container\" data-settings=\"{&quot;content_width&quot;:&quot;full&quot;}\">\n\t\t\t\t<div class=\"elementor-element elementor-element-6e31770 elementor-widget elementor-widget-heading\" data-id=\"6e31770\" data-element_type=\"widget\" data-widget_type=\"heading.default\">\n\t\t\t\t<div class=\"elementor-widget-container\">\n\t\t\t<h2 class=\"elementor-heading-title elementor-size-default\">Pr\u00e9cieux souvenirs.<\/h2>\t\t<\/div>\n\t\t\t\t<\/div>\n\t\t\t\t<div class=\"elementor-element elementor-element-861c646 elementor-widget elementor-widget-spacer\" data-id=\"861c646\" data-element_type=\"widget\" data-widget_type=\"spacer.default\">\n\t\t\t\t<div class=\"elementor-widget-container\">\n\t\t\t\t\t<div class=\"elementor-spacer\">\n\t\t\t<div class=\"elementor-spacer-inner\"><\/div>\n\t\t<\/div>\n\t\t\t\t<\/div>\n\t\t\t\t<\/div>\n\t\t\t\t<div class=\"elementor-element elementor-element-433f31f elementor-widget elementor-widget-text-editor\" data-id=\"433f31f\" data-element_type=\"widget\" data-widget_type=\"text-editor.default\">\n\t\t\t\t<div class=\"elementor-widget-container\">\n\t\t\t\t\t\t\t<p>Pour les 50 ans de mon p\u00e8re, j&#8217;ai r\u00e9alis\u00e9 un montage vid\u00e9o \u00e0 partir de nos vacances \u00e0 Annecy en \u00e9t\u00e9 2023. J&#8217;ai utilis\u00e9 Premiere Pro pour le montage et j&#8217;ai ajout\u00e9 des illustrations cr\u00e9\u00e9es avec Illustrator. Ce vlog est un peu long car j&#8217;ai choisi de conserver certaines parties plus d\u00e9taill\u00e9es afin de capturer pleinement nos souvenirs de ces trois jours de vacances.<\/p>\t\t\t\t\t\t<\/div>\n\t\t\t\t<\/div>\n\t\t\t\t<\/div>\n\t\t<div class=\"elementor-element elementor-element-46778f9 e-con-full e-flex wpr-particle-no wpr-jarallax-no wpr-parallax-no wpr-sticky-section-no e-con e-child\" data-id=\"46778f9\" data-element_type=\"container\" data-settings=\"{&quot;content_width&quot;:&quot;full&quot;}\">\n\t\t\t\t<\/div>\n\t\t\t\t\t<\/div>\n\t\t\t\t<\/div>\n\t\t\t\t\t\t\t<\/div>\n\t\t","protected":false},"excerpt":{"rendered":"<p>ANNECY AVEC TOI \u00c0 l&#8217;occasion des 50 ans de mon p\u00e8re,\u00a0 j&#8217;ai mis \u00e0 l&#8217;\u00e9preuve mes comp\u00e9tences de montage et d&#8217;habillage sur After Effects et Premiere Pro. Pr\u00e9cieux souvenirs. Pour les 50 ans de mon p\u00e8re, j&#8217;ai r\u00e9alis\u00e9 un montage vid\u00e9o \u00e0 partir de nos vacances \u00e0 Annecy en \u00e9t\u00e9 2023. J&#8217;ai utilis\u00e9 Premiere Pro [&hellip;]<\/p>\n","protected":false},"author":1,"featured_media":0,"parent":0,"menu_order":0,"comment_status":"closed","ping_status":"closed","template":"","meta":{"footnotes":""},"class_list":["post-1393","page","type-page","status-publish","hentry"],"yoast_head":"<!-- This site is optimized with the Yoast SEO plugin v21.9.1 - https:\/\/yoast.com\/wordpress\/plugins\/seo\/ -->\n<title>Annecy avec toi - DESIGN BY CANDICE<\/title>\n<meta name=\"description\" content=\"\u00c0 l&#039;occasion des 50 ans de mon p\u00e8re, j&#039;ai mis \u00e0 l&#039;\u00e9preuve mes comp\u00e9tences de montage et d&#039;habillage sur After Effects et Premiere Pro.\" \/>\n<meta name=\"robots\" content=\"index, follow, max-snippet:-1, max-image-preview:large, max-video-preview:-1\" \/>\n<link rel=\"canonical\" href=\"https:\/\/designbycandice.fr\/index.php\/montage-annecy\/\" \/>\n<meta property=\"og:locale\" content=\"en_US\" \/>\n<meta property=\"og:type\" content=\"article\" \/>\n<meta property=\"og:title\" content=\"Annecy avec toi - DESIGN BY CANDICE\" \/>\n<meta property=\"og:description\" content=\"\u00c0 l&#039;occasion des 50 ans de mon p\u00e8re, j&#039;ai mis \u00e0 l&#039;\u00e9preuve mes comp\u00e9tences de montage et d&#039;habillage sur After Effects et Premiere Pro.\" \/>\n<meta property=\"og:url\" content=\"https:\/\/designbycandice.fr\/index.php\/montage-annecy\/\" \/>\n<meta property=\"og:site_name\" content=\"DESIGN BY CANDICE\" \/>\n<meta property=\"article:modified_time\" content=\"2024-04-30T17:21:36+00:00\" \/>\n<meta name=\"twitter:card\" content=\"summary_large_image\" \/>\n<meta name=\"twitter:label1\" content=\"Est. reading time\" \/>\n\t<meta name=\"twitter:data1\" content=\"1 minute\" \/>\n<script type=\"application\/ld+json\" class=\"yoast-schema-graph\">{\"@context\":\"https:\/\/schema.org\",\"@graph\":[{\"@type\":\"WebPage\",\"@id\":\"https:\/\/designbycandice.fr\/index.php\/montage-annecy\/\",\"url\":\"https:\/\/designbycandice.fr\/index.php\/montage-annecy\/\",\"name\":\"Annecy avec toi - DESIGN BY CANDICE\",\"isPartOf\":{\"@id\":\"https:\/\/designbycandice.fr\/#website\"},\"datePublished\":\"2024-04-30T16:16:32+00:00\",\"dateModified\":\"2024-04-30T17:21:36+00:00\",\"description\":\"\u00c0 l'occasion des 50 ans de mon p\u00e8re, j'ai mis \u00e0 l'\u00e9preuve mes comp\u00e9tences de montage et d'habillage sur After Effects et Premiere Pro.\",\"breadcrumb\":{\"@id\":\"https:\/\/designbycandice.fr\/index.php\/montage-annecy\/#breadcrumb\"},\"inLanguage\":\"en-US\",\"potentialAction\":[{\"@type\":\"ReadAction\",\"target\":[\"https:\/\/designbycandice.fr\/index.php\/montage-annecy\/\"]}]},{\"@type\":\"BreadcrumbList\",\"@id\":\"https:\/\/designbycandice.fr\/index.php\/montage-annecy\/#breadcrumb\",\"itemListElement\":[{\"@type\":\"ListItem\",\"position\":1,\"name\":\"Accueil\",\"item\":\"https:\/\/designbycandice.fr\/\"},{\"@type\":\"ListItem\",\"position\":2,\"name\":\"Annecy avec toi\"}]},{\"@type\":\"WebSite\",\"@id\":\"https:\/\/designbycandice.fr\/#website\",\"url\":\"https:\/\/designbycandice.fr\/\",\"name\":\"DESIGN BY CANDICE\",\"description\":\"Portfolio \u00e9tudiant\",\"publisher\":{\"@id\":\"https:\/\/designbycandice.fr\/#organization\"},\"potentialAction\":[{\"@type\":\"SearchAction\",\"target\":{\"@type\":\"EntryPoint\",\"urlTemplate\":\"https:\/\/designbycandice.fr\/?s={search_term_string}\"},\"query-input\":\"required name=search_term_string\"}],\"inLanguage\":\"en-US\"},{\"@type\":\"Organization\",\"@id\":\"https:\/\/designbycandice.fr\/#organization\",\"name\":\"DESIGN BY CANDICE\",\"url\":\"https:\/\/designbycandice.fr\/\",\"logo\":{\"@type\":\"ImageObject\",\"inLanguage\":\"en-US\",\"@id\":\"https:\/\/designbycandice.fr\/#\/schema\/logo\/image\/\",\"url\":\"https:\/\/designbycandice.fr\/wp-content\/uploads\/2023\/11\/image_2025-01-14_000345576.png\",\"contentUrl\":\"https:\/\/designbycandice.fr\/wp-content\/uploads\/2023\/11\/image_2025-01-14_000345576.png\",\"width\":1874,\"height\":1929,\"caption\":\"DESIGN BY CANDICE\"},\"image\":{\"@id\":\"https:\/\/designbycandice.fr\/#\/schema\/logo\/image\/\"}}]}<\/script>\n<!-- \/ Yoast SEO plugin. -->","yoast_head_json":{"title":"Annecy avec toi - DESIGN BY CANDICE","description":"\u00c0 l'occasion des 50 ans de mon p\u00e8re, j'ai mis \u00e0 l'\u00e9preuve mes comp\u00e9tences de montage et d'habillage sur After Effects et Premiere Pro.","robots":{"index":"index","follow":"follow","max-snippet":"max-snippet:-1","max-image-preview":"max-image-preview:large","max-video-preview":"max-video-preview:-1"},"canonical":"https:\/\/designbycandice.fr\/index.php\/montage-annecy\/","og_locale":"en_US","og_type":"article","og_title":"Annecy avec toi - DESIGN BY CANDICE","og_description":"\u00c0 l'occasion des 50 ans de mon p\u00e8re, j'ai mis \u00e0 l'\u00e9preuve mes comp\u00e9tences de montage et d'habillage sur After Effects et Premiere Pro.","og_url":"https:\/\/designbycandice.fr\/index.php\/montage-annecy\/","og_site_name":"DESIGN BY CANDICE","article_modified_time":"2024-04-30T17:21:36+00:00","twitter_card":"summary_large_image","twitter_misc":{"Est. reading time":"1 minute"},"schema":{"@context":"https:\/\/schema.org","@graph":[{"@type":"WebPage","@id":"https:\/\/designbycandice.fr\/index.php\/montage-annecy\/","url":"https:\/\/designbycandice.fr\/index.php\/montage-annecy\/","name":"Annecy avec toi - DESIGN BY CANDICE","isPartOf":{"@id":"https:\/\/designbycandice.fr\/#website"},"datePublished":"2024-04-30T16:16:32+00:00","dateModified":"2024-04-30T17:21:36+00:00","description":"\u00c0 l'occasion des 50 ans de mon p\u00e8re, j'ai mis \u00e0 l'\u00e9preuve mes comp\u00e9tences de montage et d'habillage sur After Effects et Premiere Pro.","breadcrumb":{"@id":"https:\/\/designbycandice.fr\/index.php\/montage-annecy\/#breadcrumb"},"inLanguage":"en-US","potentialAction":[{"@type":"ReadAction","target":["https:\/\/designbycandice.fr\/index.php\/montage-annecy\/"]}]},{"@type":"BreadcrumbList","@id":"https:\/\/designbycandice.fr\/index.php\/montage-annecy\/#breadcrumb","itemListElement":[{"@type":"ListItem","position":1,"name":"Accueil","item":"https:\/\/designbycandice.fr\/"},{"@type":"ListItem","position":2,"name":"Annecy avec toi"}]},{"@type":"WebSite","@id":"https:\/\/designbycandice.fr\/#website","url":"https:\/\/designbycandice.fr\/","name":"DESIGN BY CANDICE","description":"Portfolio \u00e9tudiant","publisher":{"@id":"https:\/\/designbycandice.fr\/#organization"},"potentialAction":[{"@type":"SearchAction","target":{"@type":"EntryPoint","urlTemplate":"https:\/\/designbycandice.fr\/?s={search_term_string}"},"query-input":"required name=search_term_string"}],"inLanguage":"en-US"},{"@type":"Organization","@id":"https:\/\/designbycandice.fr\/#organization","name":"DESIGN BY CANDICE","url":"https:\/\/designbycandice.fr\/","logo":{"@type":"ImageObject","inLanguage":"en-US","@id":"https:\/\/designbycandice.fr\/#\/schema\/logo\/image\/","url":"https:\/\/designbycandice.fr\/wp-content\/uploads\/2023\/11\/image_2025-01-14_000345576.png","contentUrl":"https:\/\/designbycandice.fr\/wp-content\/uploads\/2023\/11\/image_2025-01-14_000345576.png","width":1874,"height":1929,"caption":"DESIGN BY CANDICE"},"image":{"@id":"https:\/\/designbycandice.fr\/#\/schema\/logo\/image\/"}}]}},"_links":{"self":[{"href":"https:\/\/designbycandice.fr\/index.php\/wp-json\/wp\/v2\/pages\/1393","targetHints":{"allow":["GET"]}}],"collection":[{"href":"https:\/\/designbycandice.fr\/index.php\/wp-json\/wp\/v2\/pages"}],"about":[{"href":"https:\/\/designbycandice.fr\/index.php\/wp-json\/wp\/v2\/types\/page"}],"author":[{"embeddable":true,"href":"https:\/\/designbycandice.fr\/index.php\/wp-json\/wp\/v2\/users\/1"}],"replies":[{"embeddable":true,"href":"https:\/\/designbycandice.fr\/index.php\/wp-json\/wp\/v2\/comments?post=1393"}],"version-history":[{"count":4,"href":"https:\/\/designbycandice.fr\/index.php\/wp-json\/wp\/v2\/pages\/1393\/revisions"}],"predecessor-version":[{"id":1399,"href":"https:\/\/designbycandice.fr\/index.php\/wp-json\/wp\/v2\/pages\/1393\/revisions\/1399"}],"wp:attachment":[{"href":"https:\/\/designbycandice.fr\/index.php\/wp-json\/wp\/v2\/media?parent=1393"}],"curies":[{"name":"wp","href":"https:\/\/api.w.org\/{rel}","templated":true}]}}